{"id":3937,"date":"2021-05-14T10:11:54","date_gmt":"2021-05-14T10:11:54","guid":{"rendered":"https:\/\/tobel.qodeinteractive.com\/?page_id=3937"},"modified":"2022-06-22T06:34:33","modified_gmt":"2022-06-22T06:34:33","slug":"dritare","status":"publish","type":"page","link":"https:\/\/kosova-model.com\/index.php\/dritare\/","title":{"rendered":"Dritare"},"content":{"rendered":"\t\t<div data-elementor-type=\"wp-page\" data-elementor-id=\"3937\" class=\"elementor elementor-3937\">\n\t\t\t\t\t\t\t\t\t<section class=\"elementor-section elementor-top-section elementor-element elementor-element-a187a3e elementor-section-boxed elementor-section-height-default elementor-section-height-default qodef-elementor-content-no qodef-elementor-overlay-no\" data-id=\"a187a3e\" data-element_type=\"section\">\n\t\t\t\t\t\t<div class=\"elementor-container elementor-column-gap-default\">\n\t\t\t\t\t<div class=\"elementor-column elementor-col-100 elementor-top-column elementor-element elementor-element-65abe68\" data-id=\"65abe68\" data-element_type=\"column\">\n\t\t\t<div class=\"elementor-widget-wrap elementor-element-populated\">\n\t\t\t\t\t\t\t\t<div class=\"elementor-element elementor-element-c087432 elementor-widget__width-initial animated-slow elementor-widget elementor-widget-qi_addons_for_elementor_image_gallery\" data-id=\"c087432\" data-element_type=\"widget\" data-settings=\"{&quot;_animation&quot;:&quot;none&quot;}\" data-widget_type=\"qi_addons_for_elementor_image_gallery.default\">\n\t\t\t\t<div class=\"elementor-widget-container\">\n\t\t\t<div class=\"qodef-shortcode qodef-m  qodef-qi-image-gallery  qodef-image--hover-zoom-out qodef-image--hover-from-top qodef-qi-grid qodef-layout--qi-columns  qodef-col-num--3   qodef-responsive--predefined\">\n\t<div class=\"qodef-grid-inner\">\n\t\t<div class=\"qodef-e qodef-image-wrapper qodef-grid-item\">\n\t<div class=\"qodef-e-inner\">\n\t\t\t\t\t\t<img decoding=\"async\" width=\"1080\" height=\"1080\" src=\"https:\/\/kosova-model.com\/wp-content\/uploads\/2022\/06\/1-1.jpg\" class=\"attachment-full size-full\" alt=\"\" srcset=\"https:\/\/kosova-model.com\/wp-content\/uploads\/2022\/06\/1-1.jpg 1080w, https:\/\/kosova-model.com\/wp-content\/uploads\/2022\/06\/1-1-300x300.jpg 300w, https:\/\/kosova-model.com\/wp-content\/uploads\/2022\/06\/1-1-1024x1024.jpg 1024w, https:\/\/kosova-model.com\/wp-content\/uploads\/2022\/06\/1-1-150x150.jpg 150w, https:\/\/kosova-model.com\/wp-content\/uploads\/2022\/06\/1-1-768x768.jpg 768w, https:\/\/kosova-model.com\/wp-content\/uploads\/2022\/06\/1-1-650x650.jpg 650w, https:\/\/kosova-model.com\/wp-content\/uploads\/2022\/06\/1-1-600x600.jpg 600w, https:\/\/kosova-model.com\/wp-content\/uploads\/2022\/06\/1-1-100x100.jpg 100w\" sizes=\"(max-width: 1080px) 100vw, 1080px\" \/>\t\t\t<\/div>\n<\/div>\n<div class=\"qodef-e qodef-image-wrapper qodef-grid-item\">\n\t<div class=\"qodef-e-inner\">\n\t\t\t\t\t\t<img decoding=\"async\" width=\"1080\" height=\"1080\" src=\"https:\/\/kosova-model.com\/wp-content\/uploads\/2022\/06\/2-1.jpg\" class=\"attachment-full size-full\" alt=\"\" srcset=\"https:\/\/kosova-model.com\/wp-content\/uploads\/2022\/06\/2-1.jpg 1080w, https:\/\/kosova-model.com\/wp-content\/uploads\/2022\/06\/2-1-300x300.jpg 300w, https:\/\/kosova-model.com\/wp-content\/uploads\/2022\/06\/2-1-1024x1024.jpg 1024w, https:\/\/kosova-model.com\/wp-content\/uploads\/2022\/06\/2-1-150x150.jpg 150w, https:\/\/kosova-model.com\/wp-content\/uploads\/2022\/06\/2-1-768x768.jpg 768w, https:\/\/kosova-model.com\/wp-content\/uploads\/2022\/06\/2-1-650x650.jpg 650w, https:\/\/kosova-model.com\/wp-content\/uploads\/2022\/06\/2-1-600x600.jpg 600w, https:\/\/kosova-model.com\/wp-content\/uploads\/2022\/06\/2-1-100x100.jpg 100w\" sizes=\"(max-width: 1080px) 100vw, 1080px\" \/>\t\t\t<\/div>\n<\/div>\n<div class=\"qodef-e qodef-image-wrapper qodef-grid-item\">\n\t<div class=\"qodef-e-inner\">\n\t\t\t\t\t\t<img decoding=\"async\" width=\"1080\" height=\"1080\" src=\"https:\/\/kosova-model.com\/wp-content\/uploads\/2022\/06\/3-1.jpg\" class=\"attachment-full size-full\" alt=\"\" srcset=\"https:\/\/kosova-model.com\/wp-content\/uploads\/2022\/06\/3-1.jpg 1080w, https:\/\/kosova-model.com\/wp-content\/uploads\/2022\/06\/3-1-300x300.jpg 300w, https:\/\/kosova-model.com\/wp-content\/uploads\/2022\/06\/3-1-1024x1024.jpg 1024w, https:\/\/kosova-model.com\/wp-content\/uploads\/2022\/06\/3-1-150x150.jpg 150w, https:\/\/kosova-model.com\/wp-content\/uploads\/2022\/06\/3-1-768x768.jpg 768w, https:\/\/kosova-model.com\/wp-content\/uploads\/2022\/06\/3-1-650x650.jpg 650w, https:\/\/kosova-model.com\/wp-content\/uploads\/2022\/06\/3-1-600x600.jpg 600w, https:\/\/kosova-model.com\/wp-content\/uploads\/2022\/06\/3-1-100x100.jpg 100w\" sizes=\"(max-width: 1080px) 100vw, 1080px\" \/>\t\t\t<\/div>\n<\/div>\n<div class=\"qodef-e qodef-image-wrapper qodef-grid-item\">\n\t<div class=\"qodef-e-inner\">\n\t\t\t\t\t\t<img decoding=\"async\" width=\"1080\" height=\"1080\" src=\"https:\/\/kosova-model.com\/wp-content\/uploads\/2022\/06\/4-1.jpg\" class=\"attachment-full size-full\" alt=\"\" srcset=\"https:\/\/kosova-model.com\/wp-content\/uploads\/2022\/06\/4-1.jpg 1080w, https:\/\/kosova-model.com\/wp-content\/uploads\/2022\/06\/4-1-300x300.jpg 300w, https:\/\/kosova-model.com\/wp-content\/uploads\/2022\/06\/4-1-1024x1024.jpg 1024w, https:\/\/kosova-model.com\/wp-content\/uploads\/2022\/06\/4-1-150x150.jpg 150w, https:\/\/kosova-model.com\/wp-content\/uploads\/2022\/06\/4-1-768x768.jpg 768w, https:\/\/kosova-model.com\/wp-content\/uploads\/2022\/06\/4-1-650x650.jpg 650w, https:\/\/kosova-model.com\/wp-content\/uploads\/2022\/06\/4-1-600x600.jpg 600w, https:\/\/kosova-model.com\/wp-content\/uploads\/2022\/06\/4-1-100x100.jpg 100w\" sizes=\"(max-width: 1080px) 100vw, 1080px\" \/>\t\t\t<\/div>\n<\/div>\n<div class=\"qodef-e qodef-image-wrapper qodef-grid-item\">\n\t<div class=\"qodef-e-inner\">\n\t\t\t\t\t\t<img decoding=\"async\" width=\"1080\" height=\"1080\" src=\"https:\/\/kosova-model.com\/wp-content\/uploads\/2022\/06\/5-1.jpg\" class=\"attachment-full size-full\" alt=\"\" srcset=\"https:\/\/kosova-model.com\/wp-content\/uploads\/2022\/06\/5-1.jpg 1080w, https:\/\/kosova-model.com\/wp-content\/uploads\/2022\/06\/5-1-300x300.jpg 300w, https:\/\/kosova-model.com\/wp-content\/uploads\/2022\/06\/5-1-1024x1024.jpg 1024w, https:\/\/kosova-model.com\/wp-content\/uploads\/2022\/06\/5-1-150x150.jpg 150w, https:\/\/kosova-model.com\/wp-content\/uploads\/2022\/06\/5-1-768x768.jpg 768w, https:\/\/kosova-model.com\/wp-content\/uploads\/2022\/06\/5-1-650x650.jpg 650w, https:\/\/kosova-model.com\/wp-content\/uploads\/2022\/06\/5-1-600x600.jpg 600w, https:\/\/kosova-model.com\/wp-content\/uploads\/2022\/06\/5-1-100x100.jpg 100w\" sizes=\"(max-width: 1080px) 100vw, 1080px\" \/>\t\t\t<\/div>\n<\/div>\n<div class=\"qodef-e qodef-image-wrapper qodef-grid-item\">\n\t<div class=\"qodef-e-inner\">\n\t\t\t\t\t\t\t\t\t<\/div>\n<\/div>\n<div class=\"qodef-e qodef-image-wrapper qodef-grid-item\">\n\t<div class=\"qodef-e-inner\">\n\t\t\t\t\t\t\t\t\t<\/div>\n<\/div>\n\t<\/div>\n<\/div>\n\t\t<\/div>\n\t\t\t\t<\/div>\n\t\t\t\t\t<\/div>\n\t\t<\/div>\n\t\t\t\t\t\t\t<\/div>\n\t\t<\/section>\n\t\t\t\t\t\t\t<\/div>\n\t\t","protected":false},"excerpt":{"rendered":"<p>T\u00eb krijojm\u00eb diqka t\u00eb bukur s\u00eb bashku Na kontaktoni<\/p>\n","protected":false},"author":1,"featured_media":0,"parent":0,"menu_order":0,"comment_status":"closed","ping_status":"closed","template":"page-full-width.php","meta":{"footnotes":""},"class_list":["post-3937","page","type-page","status-publish","hentry"],"_links":{"self":[{"href":"https:\/\/kosova-model.com\/index.php\/wp-json\/wp\/v2\/pages\/3937","targetHints":{"allow":["GET"]}}],"collection":[{"href":"https:\/\/kosova-model.com\/index.php\/wp-json\/wp\/v2\/pages"}],"about":[{"href":"https:\/\/kosova-model.com\/index.php\/wp-json\/wp\/v2\/types\/page"}],"author":[{"embeddable":true,"href":"https:\/\/kosova-model.com\/index.php\/wp-json\/wp\/v2\/users\/1"}],"replies":[{"embeddable":true,"href":"https:\/\/kosova-model.com\/index.php\/wp-json\/wp\/v2\/comments?post=3937"}],"version-history":[{"count":10,"href":"https:\/\/kosova-model.com\/index.php\/wp-json\/wp\/v2\/pages\/3937\/revisions"}],"predecessor-version":[{"id":8537,"href":"https:\/\/kosova-model.com\/index.php\/wp-json\/wp\/v2\/pages\/3937\/revisions\/8537"}],"wp:attachment":[{"href":"https:\/\/kosova-model.com\/index.php\/wp-json\/wp\/v2\/media?parent=3937"}],"curies":[{"name":"wp","href":"https:\/\/api.w.org\/{rel}","templated":true}]}}