{"id":8569,"date":"2022-07-04T12:16:08","date_gmt":"2022-07-04T12:16:08","guid":{"rendered":"https:\/\/kosova-model.com\/?page_id=8569"},"modified":"2022-07-04T12:28:09","modified_gmt":"2022-07-04T12:28:09","slug":"dyer-te-brendshme","status":"publish","type":"page","link":"https:\/\/kosova-model.com\/index.php\/dyer-te-brendshme\/","title":{"rendered":"Dyer t\u00eb brendshme"},"content":{"rendered":"\t\t<div data-elementor-type=\"wp-page\" data-elementor-id=\"8569\" class=\"elementor elementor-8569\">\n\t\t\t\t\t\t\t\t\t<section class=\"elementor-section elementor-top-section elementor-element elementor-element-0d209b6 elementor-section-boxed elementor-section-height-default elementor-section-height-default qodef-elementor-content-no qodef-elementor-overlay-no\" data-id=\"0d209b6\" data-element_type=\"section\">\n\t\t\t\t\t\t<div class=\"elementor-container elementor-column-gap-default\">\n\t\t\t\t\t<div class=\"elementor-column elementor-col-100 elementor-top-column elementor-element elementor-element-76395be\" data-id=\"76395be\" data-element_type=\"column\">\n\t\t\t<div class=\"elementor-widget-wrap elementor-element-populated\">\n\t\t\t\t\t\t\t\t<div class=\"elementor-element elementor-element-43b037f elementor-widget__width-initial animated-slow elementor-widget elementor-widget-qi_addons_for_elementor_image_gallery\" data-id=\"43b037f\" data-element_type=\"widget\" data-settings=\"{&quot;_animation&quot;:&quot;none&quot;}\" data-widget_type=\"qi_addons_for_elementor_image_gallery.default\">\n\t\t\t\t<div class=\"elementor-widget-container\">\n\t\t\t<div class=\"qodef-shortcode qodef-m  qodef-qi-image-gallery  qodef-image--hover-zoom-out qodef-image--hover-from-top qodef-qi-grid qodef-layout--qi-columns  qodef-col-num--3   qodef-responsive--predefined\">\n\t<div class=\"qodef-grid-inner\">\n\t\t<div class=\"qodef-e qodef-image-wrapper qodef-grid-item\">\n\t<div class=\"qodef-e-inner\">\n\t\t\t\t\t\t<img decoding=\"async\" width=\"1080\" height=\"1080\" src=\"https:\/\/kosova-model.com\/wp-content\/uploads\/2022\/07\/9.jpg\" class=\"attachment-full size-full\" alt=\"\" srcset=\"https:\/\/kosova-model.com\/wp-content\/uploads\/2022\/07\/9.jpg 1080w, https:\/\/kosova-model.com\/wp-content\/uploads\/2022\/07\/9-300x300.jpg 300w, https:\/\/kosova-model.com\/wp-content\/uploads\/2022\/07\/9-1024x1024.jpg 1024w, https:\/\/kosova-model.com\/wp-content\/uploads\/2022\/07\/9-150x150.jpg 150w, https:\/\/kosova-model.com\/wp-content\/uploads\/2022\/07\/9-768x768.jpg 768w, https:\/\/kosova-model.com\/wp-content\/uploads\/2022\/07\/9-650x650.jpg 650w, https:\/\/kosova-model.com\/wp-content\/uploads\/2022\/07\/9-600x600.jpg 600w, https:\/\/kosova-model.com\/wp-content\/uploads\/2022\/07\/9-100x100.jpg 100w\" sizes=\"(max-width: 1080px) 100vw, 1080px\" \/>\t\t\t<\/div>\n<\/div>\n<div class=\"qodef-e qodef-image-wrapper qodef-grid-item\">\n\t<div class=\"qodef-e-inner\">\n\t\t\t\t\t\t<img decoding=\"async\" width=\"1080\" height=\"1080\" src=\"https:\/\/kosova-model.com\/wp-content\/uploads\/2022\/07\/6.jpg\" class=\"attachment-full size-full\" alt=\"\" srcset=\"https:\/\/kosova-model.com\/wp-content\/uploads\/2022\/07\/6.jpg 1080w, https:\/\/kosova-model.com\/wp-content\/uploads\/2022\/07\/6-300x300.jpg 300w, https:\/\/kosova-model.com\/wp-content\/uploads\/2022\/07\/6-1024x1024.jpg 1024w, https:\/\/kosova-model.com\/wp-content\/uploads\/2022\/07\/6-150x150.jpg 150w, https:\/\/kosova-model.com\/wp-content\/uploads\/2022\/07\/6-768x768.jpg 768w, https:\/\/kosova-model.com\/wp-content\/uploads\/2022\/07\/6-650x650.jpg 650w, https:\/\/kosova-model.com\/wp-content\/uploads\/2022\/07\/6-600x600.jpg 600w, https:\/\/kosova-model.com\/wp-content\/uploads\/2022\/07\/6-100x100.jpg 100w\" sizes=\"(max-width: 1080px) 100vw, 1080px\" \/>\t\t\t<\/div>\n<\/div>\n<div class=\"qodef-e qodef-image-wrapper qodef-grid-item\">\n\t<div class=\"qodef-e-inner\">\n\t\t\t\t\t\t<img decoding=\"async\" width=\"1080\" height=\"1080\" src=\"https:\/\/kosova-model.com\/wp-content\/uploads\/2022\/07\/19.jpg\" class=\"attachment-full size-full\" alt=\"\" srcset=\"https:\/\/kosova-model.com\/wp-content\/uploads\/2022\/07\/19.jpg 1080w, https:\/\/kosova-model.com\/wp-content\/uploads\/2022\/07\/19-300x300.jpg 300w, https:\/\/kosova-model.com\/wp-content\/uploads\/2022\/07\/19-1024x1024.jpg 1024w, https:\/\/kosova-model.com\/wp-content\/uploads\/2022\/07\/19-150x150.jpg 150w, https:\/\/kosova-model.com\/wp-content\/uploads\/2022\/07\/19-768x768.jpg 768w, https:\/\/kosova-model.com\/wp-content\/uploads\/2022\/07\/19-650x650.jpg 650w, https:\/\/kosova-model.com\/wp-content\/uploads\/2022\/07\/19-600x600.jpg 600w, https:\/\/kosova-model.com\/wp-content\/uploads\/2022\/07\/19-100x100.jpg 100w\" sizes=\"(max-width: 1080px) 100vw, 1080px\" \/>\t\t\t<\/div>\n<\/div>\n<div class=\"qodef-e qodef-image-wrapper qodef-grid-item\">\n\t<div class=\"qodef-e-inner\">\n\t\t\t\t\t\t<img decoding=\"async\" width=\"1080\" height=\"1080\" src=\"https:\/\/kosova-model.com\/wp-content\/uploads\/2022\/07\/2.jpg\" class=\"attachment-full size-full\" alt=\"\" srcset=\"https:\/\/kosova-model.com\/wp-content\/uploads\/2022\/07\/2.jpg 1080w, https:\/\/kosova-model.com\/wp-content\/uploads\/2022\/07\/2-300x300.jpg 300w, https:\/\/kosova-model.com\/wp-content\/uploads\/2022\/07\/2-1024x1024.jpg 1024w, https:\/\/kosova-model.com\/wp-content\/uploads\/2022\/07\/2-150x150.jpg 150w, https:\/\/kosova-model.com\/wp-content\/uploads\/2022\/07\/2-768x768.jpg 768w, https:\/\/kosova-model.com\/wp-content\/uploads\/2022\/07\/2-650x650.jpg 650w, https:\/\/kosova-model.com\/wp-content\/uploads\/2022\/07\/2-600x600.jpg 600w, https:\/\/kosova-model.com\/wp-content\/uploads\/2022\/07\/2-100x100.jpg 100w\" sizes=\"(max-width: 1080px) 100vw, 1080px\" \/>\t\t\t<\/div>\n<\/div>\n<div class=\"qodef-e qodef-image-wrapper qodef-grid-item\">\n\t<div class=\"qodef-e-inner\">\n\t\t\t\t\t\t<img decoding=\"async\" width=\"2000\" height=\"2000\" src=\"https:\/\/kosova-model.com\/wp-content\/uploads\/2022\/07\/post-1-web.jpg\" class=\"attachment-full size-full\" alt=\"\" srcset=\"https:\/\/kosova-model.com\/wp-content\/uploads\/2022\/07\/post-1-web.jpg 2000w, https:\/\/kosova-model.com\/wp-content\/uploads\/2022\/07\/post-1-web-300x300.jpg 300w, https:\/\/kosova-model.com\/wp-content\/uploads\/2022\/07\/post-1-web-1024x1024.jpg 1024w, https:\/\/kosova-model.com\/wp-content\/uploads\/2022\/07\/post-1-web-150x150.jpg 150w, https:\/\/kosova-model.com\/wp-content\/uploads\/2022\/07\/post-1-web-768x768.jpg 768w, https:\/\/kosova-model.com\/wp-content\/uploads\/2022\/07\/post-1-web-1536x1536.jpg 1536w, https:\/\/kosova-model.com\/wp-content\/uploads\/2022\/07\/post-1-web-650x650.jpg 650w, https:\/\/kosova-model.com\/wp-content\/uploads\/2022\/07\/post-1-web-1300x1300.jpg 1300w\" sizes=\"(max-width: 2000px) 100vw, 2000px\" \/>\t\t\t<\/div>\n<\/div>\n\t<\/div>\n<\/div>\n\t\t<\/div>\n\t\t\t\t<\/div>\n\t\t\t\t\t<\/div>\n\t\t<\/div>\n\t\t\t\t\t\t\t<\/div>\n\t\t<\/section>\n\t\t\t\t\t\t\t<\/div>\n\t\t","protected":false},"excerpt":{"rendered":"<p>T\u00eb krijojm\u00eb diqka t\u00eb bukur s\u00eb bashku Na kontaktoni<\/p>\n","protected":false},"author":1,"featured_media":0,"parent":0,"menu_order":0,"comment_status":"closed","ping_status":"closed","template":"","meta":{"footnotes":""},"class_list":["post-8569","page","type-page","status-publish","hentry"],"_links":{"self":[{"href":"https:\/\/kosova-model.com\/index.php\/wp-json\/wp\/v2\/pages\/8569","targetHints":{"allow":["GET"]}}],"collection":[{"href":"https:\/\/kosova-model.com\/index.php\/wp-json\/wp\/v2\/pages"}],"about":[{"href":"https:\/\/kosova-model.com\/index.php\/wp-json\/wp\/v2\/types\/page"}],"author":[{"embeddable":true,"href":"https:\/\/kosova-model.com\/index.php\/wp-json\/wp\/v2\/users\/1"}],"replies":[{"embeddable":true,"href":"https:\/\/kosova-model.com\/index.php\/wp-json\/wp\/v2\/comments?post=8569"}],"version-history":[{"count":4,"href":"https:\/\/kosova-model.com\/index.php\/wp-json\/wp\/v2\/pages\/8569\/revisions"}],"predecessor-version":[{"id":8583,"href":"https:\/\/kosova-model.com\/index.php\/wp-json\/wp\/v2\/pages\/8569\/revisions\/8583"}],"wp:attachment":[{"href":"https:\/\/kosova-model.com\/index.php\/wp-json\/wp\/v2\/media?parent=8569"}],"curies":[{"name":"wp","href":"https:\/\/api.w.org\/{rel}","templated":true}]}}